{"id":2160,"date":"2025-12-09T15:47:34","date_gmt":"2025-12-09T15:47:34","guid":{"rendered":"https:\/\/gomadancefestival.com\/offerings\/"},"modified":"2025-12-17T16:07:25","modified_gmt":"2025-12-17T16:07:25","slug":"offerings","status":"publish","type":"page","link":"https:\/\/gomadancefestival.com\/en\/offerings\/","title":{"rendered":"Soutenez-nous"},"content":{"rendered":"<div class=\"wp-block-uagb-container uagb-block-71fea0c9 alignfull uagb-is-root-container\"><div class=\"uagb-container-inner-blocks-wrap\">\n<div class=\"wp-block-uagb-info-box uagb-block-844f8cf1 uagb-infobox__content-wrap  uagb-infobox-icon-above-title uagb-infobox-image-valign-top\"><div class=\"uagb-ifb-content\"><div class=\"uagb-ifb-title-wrap\"><h2 class=\"uagb-ifb-title\">Pourquoi votre soutien compte ?<\/h2><\/div><p class=\"uagb-ifb-desc\">Parce que derri\u00e8re chaque danseur, chaque battle, chaque performance, il y a un r\u00eave, une discipline et une opportunit\u00e9. Ensemble, nous pouvons transformer ces r\u00eaves en r\u00e9alit\u00e9 et contribuer \u00e0 une jeunesse plus forte, plus cr\u00e9ative et plus unie.<\/p><div class=\"uagb-ifb-button-wrapper wp-block-button\"><a href=\"#\" class=\"uagb-infobox-cta-link wp-block-button__link\" target=\"_self\" rel=\"noopener noreferrer\" onclick=\"return false;\"><span class=\"uagb-inline-editing\">call to action<\/span><\/a><\/div><\/div><\/div>\n<\/div><\/div>\n\n\n\n<div class=\"wp-block-uagb-container uagb-block-fa2f1646 alignfull uagb-is-root-container\"><div class=\"uagb-container-inner-blocks-wrap\">\n<div class=\"wp-block-uagb-advanced-heading uagb-block-d7c7726a\"><h1 class=\"uagb-heading-text\">Support Us \/ Soutenez le Goma Dance Festival<\/h1><\/div>\n<\/div><\/div>\n\n\n\n<div class=\"wp-block-uagb-container uagb-block-0080c460 alignfull uagb-is-root-container\"><div class=\"uagb-container-inner-blocks-wrap\">\n<div class=\"wp-block-uagb-container uagb-block-b1ab63d3\">\n<div class=\"wp-block-uagb-container uagb-block-32cdcb5b\">\n<div class=\"wp-block-uagb-advanced-heading uagb-block-79955c36\"><h1 class=\"uagb-heading-text\">Soutenir Goma Dance Festival, C&rsquo;est :<\/h1><\/div>\n\n\n\n<div class=\"wp-block-uagb-advanced-heading uagb-block-914caddc\"><div class=\"uagb-heading-text\">01<\/div><\/div>\n\n\n\n<div class=\"wp-block-uagb-info-box uagb-block-e4b8ec2a uagb-infobox__content-wrap  uagb-infobox-icon-above-title uagb-infobox-image-valign-top\"><div class=\"uagb-ifb-content\"><div class=\"uagb-ifb-title-wrap\"><h2 class=\"uagb-ifb-title\">Promouvoir les talents de la jeunesse<\/h2><\/div><p class=\"uagb-ifb-desc\">Votre soutien permet d\u2019offrir des formations, des ateliers, des battles et des sc\u00e8nes ouvertes aux jeunes danseurs de Goma et de la r\u00e9gion des Grands Lacs.<\/p><\/div><\/div>\n\n\n\n<div class=\"wp-block-uagb-advanced-heading uagb-block-f77f6e22\"><div class=\"uagb-heading-text\">02<\/div><\/div>\n\n\n\n<div class=\"wp-block-uagb-info-box uagb-block-049c0e93 uagb-infobox__content-wrap  uagb-infobox-icon-above-title uagb-infobox-image-valign-top\"><div class=\"uagb-ifb-content\"><div class=\"uagb-ifb-title-wrap\"><h2 class=\"uagb-ifb-title\">Renforcer l\u2019impact culturel et social<\/h2><\/div><p class=\"uagb-ifb-desc\">La danse est un puissant outil d\u2019expression, de dialogue et de coh\u00e9sion. Gr\u00e2ce \u00e0 vous, nous cr\u00e9ons des espaces s\u00fbrs, inclusifs et inspirants pour les communaut\u00e9s locales.<\/p><\/div><\/div>\n\n\n\n<div class=\"wp-block-uagb-advanced-heading uagb-block-2db2bcbc\"><div class=\"uagb-heading-text\">03<\/div><\/div>\n\n\n\n<div class=\"wp-block-uagb-info-box uagb-block-53cdd58f uagb-infobox__content-wrap  uagb-infobox-icon-above-title uagb-infobox-image-valign-top\"><div class=\"uagb-ifb-content\"><div class=\"uagb-ifb-title-wrap\"><h2 class=\"uagb-ifb-title\">D\u00e9velopper des programmes \u00e9ducatifs<\/h2><\/div><p class=\"uagb-ifb-desc\">Vos contributions financent des formations professionnelles, l\u2019acc\u00e8s \u00e0 des mentors internationaux, des conf\u00e9rences et des \u00e9changes artistiques qui ouvrent des perspectives nouvelles \u00e0 la jeunesse.<\/p><\/div><\/div>\n\n\n\n<div class=\"wp-block-uagb-advanced-heading uagb-block-361323fa\"><div class=\"uagb-heading-text\">04<\/div><\/div>\n\n\n\n<div class=\"wp-block-uagb-info-box uagb-block-14b30fe0 uagb-infobox__content-wrap  uagb-infobox-icon-above-title uagb-infobox-image-valign-top\"><div class=\"uagb-ifb-content\"><div class=\"uagb-ifb-title-wrap\"><h2 class=\"uagb-ifb-title\">Construire des ponts internationaux<\/h2><\/div><p class=\"uagb-ifb-desc\">Votre appui nous aide \u00e0 accueillir des artistes, formateurs et partenaires du monde entier, renfor\u00e7ant ainsi le rayonnement culturel de Goma et de la RDC.<\/p><\/div><\/div>\n<\/div>\n\n\n\n<div class=\"wp-block-uagb-container uagb-block-9b0f06f9\">\n<div class=\"wp-block-uagb-image alignright uagb-block-f21e0f45 wp-block-uagb-image--layout-default wp-block-uagb-image--effect-static wp-block-uagb-image--align-right\"><figure class=\"wp-block-uagb-image__figure\"><img loading=\"lazy\" decoding=\"async\" srcset=\"https:\/\/gomadancefestival.com\/wp-content\/uploads\/2025\/11\/Banner-1-435x1024.jpg ,https:\/\/gomadancefestival.com\/wp-content\/uploads\/2025\/11\/Banner-1-scaled.jpg 780w, https:\/\/gomadancefestival.com\/wp-content\/uploads\/2025\/11\/Banner-1-scaled.jpg 360w\" sizes=\"auto, (max-width: 480px) 150px\" src=\"https:\/\/gomadancefestival.com\/wp-content\/uploads\/2025\/11\/Banner-1-435x1024.jpg\" alt=\"\" class=\"uag-image-1699\" width=\"435\" height=\"800\" title=\"Banner goma dance festival\" role=\"img\"\/><\/figure><\/div>\n<\/div>\n<\/div>\n<\/div><\/div>\n\n\n\n<div class=\"wp-block-uagb-container uagb-block-71fea0c9 alignfull uagb-is-root-container\"><div class=\"uagb-container__video-wrap\"><video autoplay loop muted playsinline><source src=\"https:\/\/gomadancefestival.com\/wp-content\/uploads\/2025\/12\/Goma-Dance-Festival.mp4\" type=\"video\/mp4\"\/><\/video><\/div><div class=\"uagb-container-inner-blocks-wrap\">\n<div data-aos= \"fade-down\" data-aos-duration=\"400\" data-aos-delay=\"0\" data-aos-easing=\"ease\" data-aos-once=\"true\" class=\"wp-block-uagb-info-box uagb-block-844f8cf1 uagb-infobox__content-wrap  uagb-infobox-icon-above-title uagb-infobox-image-valign-top\"><div class=\"uagb-ifb-content\"><div class=\"uagb-ifb-icon-wrap\"><svg xmlns=\"https:\/\/www.w3.org\/2000\/svg\" viewbox=\"0 0 384 512\"><path d=\"M169.4 278.6C175.6 284.9 183.8 288 192 288s16.38-3.125 22.62-9.375l160-160c12.5-12.5 12.5-32.75 0-45.25s-32.75-12.5-45.25 0L192 210.8L54.63 73.38c-12.5-12.5-32.75-12.5-45.25 0s-12.5 32.75 0 45.25L169.4 278.6zM329.4 265.4L192 402.8L54.63 265.4c-12.5-12.5-32.75-12.5-45.25 0s-12.5 32.75 0 45.25l160 160C175.6 476.9 183.8 480 192 480s16.38-3.125 22.62-9.375l160-160c12.5-12.5 12.5-32.75 0-45.25S341.9 252.9 329.4 265.4z\"><\/path><\/svg><\/div><div class=\"uagb-ifb-title-wrap\"><h2 class=\"uagb-ifb-title\">Votre soutien compte !!!<br>Soutenez d\u00e8s aujourd&rsquo;hui le Goma Dance Festival, <\/h2><\/div><p class=\"uagb-ifb-desc\">Suivez le lien ci-dessous pour faire un don<\/p><div class=\"uagb-ifb-button-wrapper wp-block-button\"><a href=\"#soutien\" class=\"uagb-infobox-cta-link wp-block-button__link\" target=\"_self\" rel=\"noopener noreferrer\" onclick=\"return true;\"><svg xmlns=\"https:\/\/www.w3.org\/2000\/svg\" viewbox=\"0 0 448 512\"><path d=\"M438.6 278.6l-160 160C272.4 444.9 264.2 448 256 448s-16.38-3.125-22.62-9.375c-12.5-12.5-12.5-32.75 0-45.25L338.8 288H32C14.33 288 .0016 273.7 .0016 256S14.33 224 32 224h306.8l-105.4-105.4c-12.5-12.5-12.5-32.75 0-45.25s32.75-12.5 45.25 0l160 160C451.1 245.9 451.1 266.1 438.6 278.6z\"><\/path><\/svg><span class=\"uagb-inline-editing\">SUPPURT US \/ SOUTENEZ-NOUS<\/span><\/a><\/div><\/div><\/div>\n<\/div><\/div>","protected":false},"excerpt":{"rendered":"<p>Support Us \/ Soutenez le Goma Dance Festival Soutenir Goma Dance Festival, C&rsquo;est : 01 02 03 04<\/p>","protected":false},"author":1,"featured_media":0,"parent":0,"menu_order":0,"comment_status":"closed","ping_status":"closed","template":"","meta":{"_uag_custom_page_level_css":"","site-sidebar-layout":"default","site-content-layout":"","ast-site-content-layout":"default","site-content-style":"default","site-sidebar-style":"default","ast-global-header-display":"","ast-banner-title-visibility":"","ast-main-header-display":"","ast-hfb-above-header-display":"","ast-hfb-below-header-display":"","ast-hfb-mobile-header-display":"","site-post-title":"disabled","ast-breadcrumbs-content":"","ast-featured-img":"","footer-sml-layout":"","ast-disable-related-posts":"","theme-transparent-header-meta":"enabled","adv-header-id-meta":"","stick-header-meta":"","header-above-stick-meta":"","header-main-stick-meta":"","header-below-stick-meta":"","astra-migrate-meta-layouts":"default","ast-page-background-enabled":"default","ast-page-background-meta":{"desktop":{"background-color":"var(--ast-global-color-4)","background-image":"","background-repeat":"repeat","background-position":"center center","background-size":"auto","background-attachment":"scroll","background-type":"","background-media":"","overlay-type":"","overlay-color":"","overlay-opacity":"","overlay-gradient":""},"tablet":{"background-color":"","background-image":"","background-repeat":"repeat","background-position":"center center","background-size":"auto","background-attachment":"scroll","background-type":"","background-media":"","overlay-type":"","overlay-color":"","overlay-opacity":"","overlay-gradient":""},"mobile":{"background-color":"","background-image":"","background-repeat":"repeat","background-position":"center center","background-size":"auto","background-attachment":"scroll","background-type":"","background-media":"","overlay-type":"","overlay-color":"","overlay-opacity":"","overlay-gradient":""}},"ast-content-background-meta":{"desktop":{"background-color":"var(--ast-global-color-5)","background-image":"","background-repeat":"repeat","background-position":"center center","background-size":"auto","background-attachment":"scroll","background-type":"","background-media":"","overlay-type":"","overlay-color":"","overlay-opacity":"","overlay-gradient":""},"tablet":{"background-color":"var(--ast-global-color-5)","background-image":"","background-repeat":"repeat","background-position":"center center","background-size":"auto","background-attachment":"scroll","background-type":"","background-media":"","overlay-type":"","overlay-color":"","overlay-opacity":"","overlay-gradient":""},"mobile":{"background-color":"var(--ast-global-color-5)","background-image":"","background-repeat":"repeat","background-position":"center center","background-size":"auto","background-attachment":"scroll","background-type":"","background-media":"","overlay-type":"","overlay-color":"","overlay-opacity":"","overlay-gradient":""}},"footnotes":""},"class_list":["post-2160","page","type-page","status-publish","hentry"],"aioseo_notices":[],"uagb_featured_image_src":{"full":false,"thumbnail":false,"medium":false,"medium_large":false,"large":false,"1536x1536":false,"2048x2048":false,"trp-custom-language-flag":false},"uagb_author_info":{"display_name":"farajabat@gmail.com","author_link":"https:\/\/gomadancefestival.com\/en\/author\/farajabatgmail-com\/"},"uagb_comment_info":0,"uagb_excerpt":"Support Us \/ Soutenez le Goma Dance Festival Soutenir Goma Dance Festival, C&rsquo;est : 01 02 03 04","_links":{"self":[{"href":"https:\/\/gomadancefestival.com\/en\/wp-json\/wp\/v2\/pages\/2160","targetHints":{"allow":["GET"]}}],"collection":[{"href":"https:\/\/gomadancefestival.com\/en\/wp-json\/wp\/v2\/pages"}],"about":[{"href":"https:\/\/gomadancefestival.com\/en\/wp-json\/wp\/v2\/types\/page"}],"author":[{"embeddable":true,"href":"https:\/\/gomadancefestival.com\/en\/wp-json\/wp\/v2\/users\/1"}],"replies":[{"embeddable":true,"href":"https:\/\/gomadancefestival.com\/en\/wp-json\/wp\/v2\/comments?post=2160"}],"version-history":[{"count":7,"href":"https:\/\/gomadancefestival.com\/en\/wp-json\/wp\/v2\/pages\/2160\/revisions"}],"predecessor-version":[{"id":2600,"href":"https:\/\/gomadancefestival.com\/en\/wp-json\/wp\/v2\/pages\/2160\/revisions\/2600"}],"wp:attachment":[{"href":"https:\/\/gomadancefestival.com\/en\/wp-json\/wp\/v2\/media?parent=2160"}],"curies":[{"name":"wp","href":"https:\/\/api.w.org\/{rel}","templated":true}]}}